{"id":164,"date":"2024-05-21T11:59:18","date_gmt":"2024-05-21T11:59:18","guid":{"rendered":"https:\/\/acquademia.com\/?page_id=164"},"modified":"2024-05-21T11:59:18","modified_gmt":"2024-05-21T11:59:18","slug":"informativa-cookies-e-di-navigazione-del-sito-internet","status":"publish","type":"page","link":"https:\/\/www.acquademia.com\/index.php\/informativa-cookies-e-di-navigazione-del-sito-internet\/","title":{"rendered":"Informativa cookies e di navigazione del sito internet"},"content":{"rendered":"\n<p>Questo sito WEB appartiene a Acquademia A.S.D. con sede in Via Lancia 103\/A &#8211; 10141 Torino<strong>, <\/strong>che tratta i dati raccolti attraverso il sito stesso in qualit\u00e0 di Titolare del trattamento.<\/p>\n\n\n\n<p>Il Titolare garantisce la sicurezza, la riservatezza e la protezione dei dati di cui \u00e8 in possesso, ovvero di quelli di cui verr\u00e0 in possesso, in qualsiasi fase del processo di trattamento degli stessi, nel rispetto delle norme fissate dal GDPR 2016\/679 e nel rispetto del segreto d&#8217;impresa.<\/p>\n\n\n\n<p>Il sito Internet potrebbe proporre link o riferimenti ad altri siti Internet di terzi sui quali il Titolare non dispone di alcun controllo. Tali link se presenti sono forniti per comodit\u00e0 degli utenti di questo sito e il Titolare non assume alcuna responsabilit\u00e0 in relazione a tali siti, come non fornisce indicazioni circa la precisione o la completezza delle informazioni in essi contenute.<\/p>\n\n\n\n<p><br>La presente informativa viene resa alle persone che accedono e consultano il sito, ai sensi dell\u2019art. 13 GDPR 2016\/679\u2013 \u201cRegolamento europeo sulla protezione dei dati personali\u201d.<\/p>\n\n\n\n<p>La presente informativa sui cookie descrive pertanto le modalit\u00e0 con cui Acquademia A.S.D. usa i cookie e tecnologie simili per raccogliere e conservare informazioni quando l&#8217;utente visita il sito Web o riceve e-mail dal Titolare.<\/p>\n\n\n\n<p><strong>Modalit\u00e0 del trattamento<\/strong><\/p>\n\n\n\n<p>I sistemi informatici e le procedure software preposte al funzionamento di questo sito web acquisiscono, nel corso del loro normale esercizio alcuni dati personali la cui trasmissione \u00e8 implicita nell&#8217;uso dei protocolli di comunicazione di internet.<\/p>\n\n\n\n<p>Si tratta di informazioni che per loro stessa natura possono, attraverso elaborazioni ed associazioni con dati detenuti da terzi, permettono di identificare gli utenti.<\/p>\n\n\n\n<p>Si tratta di informazioni che non sono raccolte per essere associate a interessati identificati, ma che per loro stessa natura potrebbero, attraverso elaborazioni ed associazioni con dati detenuti da terzi, permettere di identificare gli utenti.<\/p>\n\n\n\n<p>In questa categoria di dati rientrano gli indirizzi IP o i nomi a dominio da cui si collegano i visitatori del Sito, gli indirizzi in notazione URI (Uniform Resource Identifier) delle risorse richieste, l&#8217;orario della richiesta, il metodo utilizzato nel sottoporre la richiesta al server, la dimensione del file ottenuto in risposta, il codice numerico indicante lo stato della risposta data dal server ed altri parametri relativi al sistema operativo e all&#8217;ambiente informatico dell&#8217;utente.<\/p>\n\n\n\n<p><strong>Politica su cookie<\/strong><strong><\/strong><\/p>\n\n\n\n<p>Il sito Web usa cookie di sessione e permanenti, tecnici, analitici e di profilazione per raccogliere e conservare alcune informazioni relative all&#8217;utente. Un cookie \u00e8 un piccolo file di dati che il sito web invia e salva sul disco fisso del computer e\/o dispositivo dell&#8217;utente (di seguito entrambi denominati &#8220;computer&#8221;); successivamente, quando l&#8217;utente accede al sito Web, i cookie salvati sul computer invieranno informazioni al soggetto che li ha inviati.<\/p>\n\n\n\n<p>I cookie di sessione servono, ad esempio, per navigare nel sito Web senza dover immettere di nuovo i dati di accesso e vengono poi eliminati dal computer dell&#8217;utente una volta chiuso il browser. I cookie permanenti restano sul computer dell&#8217;utente dopo che il browser viene chiuso, ma possono essere eliminati in qualsiasi momento usando le impostazioni del browser. I cookie si suddividono anche in &#8220;cookie di prima parte&#8221; e &#8220;cookie di terze parti&#8221;. I cookie di prima parte sono impostati direttamente sul computer dell&#8217;utente, con l&#8217;unico scopo di riconoscerlo in occasione di visite successive.<\/p>\n\n\n\n<p>I cookie di terze parti sono inviati da un fornitore di servizi indipendente che opera per conto del Titolare del trattamento e possono essere usati da tale fornitore di servizi terzi per riconoscere l&#8217;utente quando visita il sito Web o siti di terzi. Sebbene il Titolare possa concedere a fornitori di servizi terzi di accedere al sito Web per inviare questi cookie ai computer degli utenti in conformit\u00e0 alle leggi vigenti, come illustrato nella presente politica sui cookie, il Titolare del trattamento non detiene il controllo sulle informazioni raccolte dai cookie n\u00e9 conserva l&#8217;accesso a tali dati che vengono immediatamente comunicati ai terzi che li raccolgono.<\/p>\n\n\n\n<p>Queste informazioni sono controllate interamente dal fornitore di servizi terzi conformemente alla sua rispettiva politica sulla privacy. Per saperne di pi\u00f9 sui cookie, visitare:<\/p>\n\n\n\n<p>&nbsp;www.allaboutcookies.org&nbsp;o&nbsp;www.youronlinechoices.eu<\/p>\n\n\n\n<p>Usando questo sito Web, l&#8217;utente acconsente all&#8217;uso e alla comunicazione di cookie non associati alle transazioni come decritto nella presente politica, a meno che non revochi tale consenso e ne impedisca l&#8217;utilizzo modificando le impostazioni tecniche del computer come descritto qui di seguito:<\/p>\n\n\n\n<p><strong>Come disabilitare o eliminare i cookie<\/strong><\/p>\n\n\n\n<p>Se si vuole impedire al browser di accettare cookie, si vuole essere informati ogni volta che un cookie viene memorizzato sul proprio computer o eliminare i cookie gi\u00e0 presenti, apportare le modifiche opportune usando le impostazioni del browser Internet, generalmente accessibili dalle sezioni &#8220;Aiuto&#8221; o &#8220;Opzioni Internet&#8221;. Fare riferimento ai collegamenti qui sotto:<\/p>\n\n\n\n<p>&nbsp;Internet Explorer<\/p>\n\n\n\n<p>&nbsp;Firefox<\/p>\n\n\n\n<p>&nbsp;Chrome<\/p>\n\n\n\n<p>&nbsp;Safari<\/p>\n\n\n\n<p>Se si disabilitano o si eliminano cookie tramite le impostazioni del browser Internet, alcune funzioni o funzionalit\u00e0 di questo sito Web potrebbero non essere accessibili; inoltre, all&#8217;utente potrebbe venire richiesto di inserire nuovamente i propri dati di accesso e l&#8217;uso generale del sito Web potrebbe risultare limitato. Se si eliminano tutti i cookie dal browser o si usa un altro browser o computer, si dovr\u00e0 completare nuovamente la procedura per revocare il consenso all&#8217;uso dei cookie.<\/p>\n\n\n\n<h3 class=\"wp-block-heading\"><strong><u>&nbsp;<\/u><\/strong><\/h3>\n\n\n\n<p><strong>Scopo dell&#8217;uso di cookie<\/strong><\/p>\n\n\n\n<ul class=\"wp-block-list\">\n<li>I cookie di sessione memorizzano le informazioni pertinenti insieme all&#8217;indirizzo IP dell&#8217;utente e al codice identificativo dei cookie. Questi cookie di sessione sono cookie associati alle transazioni necessari per l&#8217;uso del sito Web e il cui uso non richiede il consenso dell&#8217;utente.<\/li>\n\n\n\n<li><strong>Il Titolare <\/strong>pu\u00f2, inoltre, impostare un cookie permanente la prima volta che l&#8217;utente visita il sito Web, al fine di riconoscerlo come visitatore. Questo cookie viene aggiornato con un indicatore data e ora ogni volta che l&#8217;utente ritorna al sito Web, e memorizza informazioni relative alle pagine visualizzate per eventualmente mostrare all&#8217;utente informazioni personalizzate in base alle preferenze rilevate in precedenza.<\/li>\n<\/ul>\n\n\n\n<p><strong>Cookies utilizzati<\/strong><strong><\/strong><\/p>\n\n\n\n<p>&nbsp;&nbsp; Il sito utilizza cookies tecnici per garantire il corretto funzionamento e l\u2019esperienza di navigazione&nbsp;&nbsp; dell\u2019utente.<\/p>\n\n\n\n<p>Il sito non utilizza Cookies di profilazione.<\/p>\n\n\n\n<p>Il Sito gestito dal Titolare potrebbe inviare cookie di Terza Parte appartenenti alle seguenti tipologie:<\/p>\n\n\n\n<ul class=\"wp-block-list\">\n<li>Cookie Analytics: questi cookie sono utilizzati per raccogliere e analizzare informazioni aggregate ed anonime per analisi statistiche sugli accessi e le visite ai siti web di Acquademia A.S.D. al fine di migliorare le prestazioni e il design degli stessi.<\/li>\n<\/ul>\n\n\n\n<p>Il Sito utilizza Analytics. Se del caso, le informazioni generate dal cookie sull\u2019utilizzo del sito vengono trasmesse al fornitore degli Analytics e depositate presso i suoi server, allo scopo di produrre report sulle attivit\u00e0 del sito, destinati al Titolare o a soggetti da esso incaricati. \u00c8 possibile rifiutare il conferimento dei dati di navigazione selezionando l\u2019impostazione appropriata sul browser.<\/p>\n\n\n\n<p>A tale proposito si rimanda alle informative pubblicate sul sito del fornitore degli Analytics e alla componente aggiuntiva del browser per la disattivazione di Analytics.<\/p>\n\n\n\n<p><strong>Strumenti di social media<\/strong><strong><\/strong><\/p>\n\n\n\n<p>Il sito Web potrebbe offrire accesso a strumenti di social media forniti da piattaforme di social network quali Facebook, Google, LinkedIn e Twitter. L&#8217;utente che decide di usare questi strumenti attivando uno strumento di social media pu\u00f2 condividere determinati dati personali con i propri amici e tali piattaforme di social network. Le attivit\u00e0 di condivisione sono soggette alle politiche sulla privacy di ciascun social network. Nello specifico, vengono offerti anche strumenti del social network Facebook per consentire a Facebook di condividere informazioni e attivit\u00e0 degli amici con i suoi utenti registrati durante la navigazione sul nostro sito Web.<\/p>\n\n\n\n<p><strong>Finalit\u00e0 del trattamento <\/strong><strong><\/strong><\/p>\n\n\n\n<p>Per offrire un servizio di qualit\u00e0, il sito richiede al browser alcune informazioni. Si tratta di preferenze di navigazione, login e pagine che sono visualizzate di frequente. Queste informazioni aiutano a meglio comprendere le necessit\u00e0 degli utenti, al fine di offrire un servizio sempre migliore.<\/p>\n\n\n\n<p>In particolare, i dati di navigazione acquisiti dal Titolare del trattamento vengono utilizzati ai soli fini di:<\/p>\n\n\n\n<ul class=\"wp-block-list\">\n<li>offrire un migliore servizio a seguito delle preferenze espresse dall\u2019utente durante la navigazione;<\/li>\n\n\n\n<li>ricavare informazioni statistiche e totalmente anonime sull&#8217;uso del sito<s>;<\/s><\/li>\n\n\n\n<li>verificarne il corretto funzionamento del sito;<\/li>\n<\/ul>\n\n\n\n<p><strong>Base giuridica del trattamento<\/strong><\/p>\n\n\n\n<p>L\u2019utilizzo di cookies tecnici \u00e8 un trattamento effettuato nel legittimo interesse del Titolare; l\u2019utilizzo dei restanti cookies viene effettuato con il consenso dell\u2019interessato.<\/p>\n\n\n\n<p><strong>Destinatari dei dati<\/strong><\/p>\n\n\n\n<p>I dati personali trattati dal Titolare non sono diffusi, ovvero non ne viene data conoscenza a soggetti indeterminati, in nessuna possibile forma, inclusa quella della loro messa a disposizione o semplice consultazione. Possono, invece, essere comunicati ai lavoratori che operano alle dipendenze del Titolare, ai soggetti esterni che con esso collaborano designati in qualit\u00e0 di Responsabili del trattamento o autorizzati al trattamento in quanto operanti sotto l\u2019autorit\u00e0 del Titolare del trattamento.<\/p>\n\n\n\n<p>Possono inoltre essere comunicati, nei limiti strettamente necessari, ai soggetti che per finalit\u00e0 di evasione delle vostre richieste debbano fornire beni o eseguire su incarico del Titolare prestazioni o servizi. Infine, possono essere comunicati ai soggetti legittimati ad accedervi in forza di disposizioni di legge, regolamenti, normative comunitarie.<\/p>\n\n\n\n<p>In particolare, sulla base dei ruoli e delle mansioni lavorative espletate, i lavoratori sono stati legittimati a trattare i vostri dati personali, nei limiti delle loro competenze ed in conformit\u00e0 alle istruzioni ad essi impartite dal Titolare del trattamento.<\/p>\n\n\n\n<p>I soggetti esterni che operano sotto l\u2019autorit\u00e0 del Titolare sono stati anch\u2019essi opportunamente autorizzati in base al tipo di prestazione fornita, al trattamento effettuato, alla natura dei dati trattati.<\/p>\n\n\n\n<p>I soggetti esterni ai quali il Titolare ha affidato un trattamento di dati personali sono stati designati Responsabili di trattamento.<\/p>\n\n\n\n<p><strong>Trasferimento dei dati<\/strong><\/p>\n\n\n\n<p>In nessun caso il Titolare del trattamento trasferisce i dati personali in paesi terzi o a organizzazioni internazionali.<\/p>\n\n\n\n<p>Tuttavia, si riserva la possibilit\u00e0 di utilizzare servizi in cloud; nel qual caso, i fornitori dei servizi saranno selezionati tra coloro che forniscono garanzie adeguate, cos\u00ec come previsto dall\u2019art. 46 GDPR.<\/p>\n\n\n\n<p><strong>Conservazione dei dati<\/strong><\/p>\n\n\n\n<p>Il Titolare del trattamento conserva e tratta i dati personali per il tempo necessario ad adempiere alle finalit\u00e0 indicate. Nella fattispecie, i dati di navigazione vengono conservati fino a sovrascrittura.<\/p>\n\n\n\n<p><strong>Revoca del consenso<\/strong><\/p>\n\n\n\n<p>Con riferimento all\u2019art. 7 del GDPR 2016\/679, l\u2019interessato pu\u00f2 revocare il consenso in qualsiasi momento. La revoca del consenso bloccher\u00e0 l\u2019uso dei cookies analitici senza compromettere la navigazione. In ogni caso, l\u2019interessato pu\u00f2 interrompere la navigazione del sito in qualsiasi momento.<\/p>\n\n\n\n<p><strong>Rifiuto al conferimento dei dati<\/strong><\/p>\n\n\n\n<p>L\u2019interessato pu\u00f2 rifiutarsi di conferire al Titolare i suoi dati di navigazione.<\/p>\n\n\n\n<p>Per fare ci\u00f2, deve disabilitare i cookies seguendo le istruzioni fornite dal browser in uso.<\/p>\n\n\n\n<p>La disabilitazione dei cookies pu\u00f2 peggiorare la navigazione e la fruizione delle funzionalit\u00e0 del sito.<\/p>\n\n\n\n<p><strong>Diritti dell\u2019interessato<\/strong><\/p>\n\n\n\n<p>Con riferimento agli artt. 15 \u2013 diritto di accesso, 16 &#8211; diritto di rettifica, 17 \u2013 diritto alla cancellazione, 18 \u2013 diritto alla limitazione del trattamento, 20 \u2013 diritto alla portabilit\u00e0, 21 \u2013 diritto di opposizione, 22 diritto di opposizione al processo decisionale automatizzato del GDPR , l\u2019interessato esercita i suoi diritti scrivendo al Titolare del trattamento all\u2019indirizzo sopra riportato, oppure a mezzo e-mail piscina.acquademia@gmail.com, specificando l\u2019oggetto della sua richiesta, il diritto che intende esercitare e allegando fotocopia di un documento di identit\u00e0 che attesti la legittimit\u00e0 della richiesta.<\/p>\n\n\n\n<p>Il Titolare ricorda in particolare che ogni soggetto interessato pu\u00f2 esercitare il diritto di opposizione nelle forme e nei modi previsti dall\u2019art. 21 GDPR.<\/p>\n\n\n\n<p><strong>Proposizione di reclamo<\/strong><\/p>\n\n\n\n<p>L\u2019interessato ha il diritto di proporre reclamo all\u2019autorit\u00e0 di controllo dello stato di residenza.<\/p>\n\n\n\n<p><strong>Processi decisionali automatizzati<\/strong> In nessun caso il Titolare effettua trattamenti che consistono in processi decisionali automatizzati sui dati delle persone fisiche.<\/p>\n","protected":false},"excerpt":{"rendered":"<p>Questo sito WEB appartiene a Acquademia A.S.D. con sede in Via Lancia 103\/A &#8211; 10141 Torino, che tratta i dati raccolti attraverso il sito stesso in qualit\u00e0 di Titolare del trattamento. Il Titolare garantisce la sicurezza, la riservatezza e la protezione dei dati di cui \u00e8 in possesso, ovvero di quelli di cui verr\u00e0 in &hellip; <\/p>\n<p class=\"link-more\"><a href=\"https:\/\/www.acquademia.com\/index.php\/informativa-cookies-e-di-navigazione-del-sito-internet\/\" class=\"more-link\">Leggi tutto<span class=\"screen-reader-text\"> &#8220;Informativa cookies e di navigazione del sito internet&#8221;<\/span><\/a><\/p>\n","protected":false},"author":1,"featured_media":0,"parent":0,"menu_order":0,"comment_status":"closed","ping_status":"closed","template":"","meta":{"ngg_post_thumbnail":0,"footnotes":""},"class_list":["post-164","page","type-page","status-publish","hentry"],"_links":{"self":[{"href":"https:\/\/www.acquademia.com\/index.php\/wp-json\/wp\/v2\/pages\/164","targetHints":{"allow":["GET"]}}],"collection":[{"href":"https:\/\/www.acquademia.com\/index.php\/wp-json\/wp\/v2\/pages"}],"about":[{"href":"https:\/\/www.acquademia.com\/index.php\/wp-json\/wp\/v2\/types\/page"}],"author":[{"embeddable":true,"href":"https:\/\/www.acquademia.com\/index.php\/wp-json\/wp\/v2\/users\/1"}],"replies":[{"embeddable":true,"href":"https:\/\/www.acquademia.com\/index.php\/wp-json\/wp\/v2\/comments?post=164"}],"version-history":[{"count":1,"href":"https:\/\/www.acquademia.com\/index.php\/wp-json\/wp\/v2\/pages\/164\/revisions"}],"predecessor-version":[{"id":165,"href":"https:\/\/www.acquademia.com\/index.php\/wp-json\/wp\/v2\/pages\/164\/revisions\/165"}],"wp:attachment":[{"href":"https:\/\/www.acquademia.com\/index.php\/wp-json\/wp\/v2\/media?parent=164"}],"curies":[{"name":"wp","href":"https:\/\/api.w.org\/{rel}","templated":true}]}}