{"id":161,"date":"2024-05-21T11:54:50","date_gmt":"2024-05-21T11:54:50","guid":{"rendered":"https:\/\/acquademia.com\/?page_id=161"},"modified":"2024-05-21T11:56:06","modified_gmt":"2024-05-21T11:56:06","slug":"informativa-curriculum","status":"publish","type":"page","link":"https:\/\/www.acquademia.com\/index.php\/informativa-curriculum\/","title":{"rendered":"Informativa a coloro che inviano spontaneamente il curriculum ai candidati che effettuano colloqui pre-assuntivi"},"content":{"rendered":"\n<p>La presente informativa viene resa a coloro che spontaneamente, o in seguito ad una ricerca di personale, inviano il loro curriculum, ai sensi dell\u2019art. 13 GDPR 2016\/679\u2013 \u201cRegolamento europeo sulla protezione dei dati personali\u201d.<\/p>\n\n\n\n<p><strong>Identit\u00e0 del Titolare<\/strong><\/p>\n\n\n\n<p>Il Titolare del trattamento \u00e8 Acquademia A.S.D. con sede in Via Lancia 103\/A &#8211; 10141 Torino, nella persona del suo legale rappresentante pro tempore.<\/p>\n\n\n\n<p><strong>Fonte dei dati<\/strong><\/p>\n\n\n\n<p>I dati personali trattati sono quelli forniti in occasione di:<\/p>\n\n\n\n<ul class=\"wp-block-list\">\n<li>invio del curriculum;<\/li>\n\n\n\n<li>colloqui di valutazione;<\/li>\n\n\n\n<li>contatti diretti in occasione di mostre, fiere, esposizioni, ecc.;<\/li>\n\n\n\n<li>segnalazione da parte di terzi.<\/li>\n<\/ul>\n\n\n\n<p><strong>Finalit\u00e0 del trattamento<\/strong><\/p>\n\n\n\n<p>I dati personali di coloro che spontaneamente, o in seguito ad una ricerca di personale, inviano il loro curriculum sono trattati per le finalit\u00e0 connesse alla valutazione e alla selezione, ovvero per eventualmente proporre altre offerte di lavoro coerenti con il profilo professionale dell\u2019interessato.<\/p>\n\n\n\n<p><strong>Base giuridica del trattamento<\/strong><\/p>\n\n\n\n<p>La base giuridica \u00e8 costituita dal riscontro a una richiesta precontrattuale dell\u2019interessato.<\/p>\n\n\n\n<p><strong>Conservazione dei dati<\/strong><\/p>\n\n\n\n<p>I dati di cui si \u00e8 fin ora detto verranno conservati per un periodo non superiore a trenta mesi dalla loro ricezione.<\/p>\n\n\n\n<p><strong>Destinatari dei dati<\/strong><\/p>\n\n\n\n<p>I dati personali trattati dal Titolare non sono diffusi, ovvero non ne viene data conoscenza a soggetti indeterminati, in nessuna possibile forma, inclusa quella della loro messa a disposizione o semplice consultazione. Possono, invece, essere comunicati ai lavoratori che operano alle dipendenze del Titolare, ai soggetti esterni che con esso collaborano designati in qualit\u00e0 di Responsabili del trattamento o autorizzati al trattamento in quanto operanti sotto l\u2019autorit\u00e0 del titolare del trattamento. Possono inoltre essere comunicati, nei limiti strettamente necessari, ai soggetti che per finalit\u00e0 di evasione delle vostre richieste debbano fornire beni o eseguire su incarico del Titolare prestazioni o servizi. Infine, possono essere comunicati ai soggetti legittimati ad accedervi in forza di disposizioni di legge, regolamenti, normative comunitarie.<\/p>\n\n\n\n<p>In particolare, sulla base dei ruoli e delle mansioni lavorative espletate, i lavoratori sono stati legittimati a trattare i vostri dati personali, nei limiti delle loro competenze ed in conformit\u00e0 alle istruzioni ad essi impartite dal Titolare del trattamento. I soggetti esterni che operano sotto l\u2019autorit\u00e0 del Titolare sono stati anch\u2019essi opportunamente autorizzati in base al tipo di prestazione fornita, al trattamento effettuato, alla natura dei dati trattati. I soggetti esterni ai quali il Titolare ha affidato un trattamento di dati personali sono stati designati Responsabili di trattamento.<\/p>\n\n\n\n<p><strong>Trasferimento dei dati<\/strong><\/p>\n\n\n\n<p>In nessun caso il Titolare del trattamento trasferisce i dati personali in paesi terzi o a organizzazioni internazionali. Tuttavia, si riserva la possibilit\u00e0 di utilizzare servizi in cloud; nel qual caso, i fornitori dei servizi saranno selezionati tra coloro che forniscono garanzie adeguate, cos\u00ec come previsto dall\u2019art. 46 GDPR 2016\/679.<\/p>\n\n\n\n<p><strong>Conservazione dei dati<\/strong><\/p>\n\n\n\n<p>Il Titolare del trattamento conserva e tratta i dati personali per il tempo necessario ad adempiere alle finalit\u00e0 indicate. Nella fattispecie, i dati inseriti nei form online vengono conservati per due anni.<\/p>\n\n\n\n<p><strong>Diritti dell\u2019interessato<\/strong><\/p>\n\n\n\n<p>Con riferimento agli artt. 15 \u2013 diritto di accesso, 16 \u2013 diritto di rettifica, 17 \u2013 diritto alla cancellazione, 18 \u2013 diritto alla limitazione del trattamento, 20 \u2013 diritto alla portabilit\u00e0, 21 \u2013 diritto di opposizione, 22 \u2013 diritto di opposizione al processo decisionale automatizzato del GDPR 2016\/679, l\u2019interessato esercita i suoi diritti scrivendo al Titolare del trattamento all\u2019indirizzo sopra riportato, oppure a mezzo email piscina.acquademia@gmail.com, specificando l\u2019oggetto della sua richiesta, il diritto che intende esercitare e allegando fotocopia di un documento di identit\u00e0 che attesti la legittimit\u00e0 della richiesta.<\/p>\n\n\n\n<p>Il Titolare ricorda in particolare che ogni soggetto interessato pu\u00f2 esercitare il diritto di opposizione nelle forme e nei modi previsti dall\u2019art. 21 GDPR.<\/p>\n\n\n\n<p><strong>Revoca del consenso<\/strong><\/p>\n\n\n\n<p>Con riferimento all\u2019art. 7 del GDPR 2016\/679, l\u2019interessato pu\u00f2 revocare in qualsiasi momento il consenso eventualmente prestato.<\/p>\n\n\n\n<p>Tuttavia, il trattamento oggetto della presente informativa \u00e8 lecito e consentito, anche in assenza di consenso, in quanto finalizzato all\u2019esecuzione di misure precontrattuali (la valutazione della candidatura e la selezione dei candidati) adottate su richiesta implicita dell\u2019interessato.<\/p>\n\n\n\n<p><strong>Proposizione di reclamo<\/strong><\/p>\n\n\n\n<p>L\u2019interessato ha il diritto di proporre reclamo all\u2019autorit\u00e0 di controllo dello stato di residenza.<\/p>\n\n\n\n<p><strong>Rifiuto al conferimento dei dati<\/strong><\/p>\n\n\n\n<p>L\u2019interessato pu\u00f2 rifiutarsi di conferire al Titolare i suoi dati personali.<\/p>\n\n\n\n<p>Il conferimento dei dati \u00e8 infatti facoltativo, ma un eventuale rifiuto a fornirli in tutto o in parte potr\u00e0 dar luogo all&#8217;impossibilit\u00e0 da parte nostra di valutare e di selezionare la candidatura.<\/p>\n\n\n\n<p><strong>Processi decisionali automatizzati<\/strong><\/p>\n\n\n\n<p>Il Titolare non effettua sui dati di coloro che spontaneamente, o in seguito ad una ricerca di personale, inviano il loro curriculum, trattamenti che consistano in processi decisionali automatizzati.&nbsp;<\/p>\n","protected":false},"excerpt":{"rendered":"<p>La presente informativa viene resa a coloro che spontaneamente, o in seguito ad una ricerca di personale, inviano il loro curriculum, ai sensi dell\u2019art. 13 GDPR 2016\/679\u2013 \u201cRegolamento europeo sulla protezione dei dati personali\u201d. Identit\u00e0 del Titolare Il Titolare del trattamento \u00e8 Acquademia A.S.D. con sede in Via Lancia 103\/A &#8211; 10141 Torino, nella persona &hellip; <\/p>\n<p class=\"link-more\"><a href=\"https:\/\/www.acquademia.com\/index.php\/informativa-curriculum\/\" class=\"more-link\">Leggi tutto<span class=\"screen-reader-text\"> &#8220;Informativa a coloro che inviano spontaneamente il curriculum ai candidati che effettuano colloqui pre-assuntivi&#8221;<\/span><\/a><\/p>\n","protected":false},"author":1,"featured_media":0,"parent":0,"menu_order":0,"comment_status":"closed","ping_status":"closed","template":"","meta":{"ngg_post_thumbnail":0,"footnotes":""},"class_list":["post-161","page","type-page","status-publish","hentry"],"_links":{"self":[{"href":"https:\/\/www.acquademia.com\/index.php\/wp-json\/wp\/v2\/pages\/161","targetHints":{"allow":["GET"]}}],"collection":[{"href":"https:\/\/www.acquademia.com\/index.php\/wp-json\/wp\/v2\/pages"}],"about":[{"href":"https:\/\/www.acquademia.com\/index.php\/wp-json\/wp\/v2\/types\/page"}],"author":[{"embeddable":true,"href":"https:\/\/www.acquademia.com\/index.php\/wp-json\/wp\/v2\/users\/1"}],"replies":[{"embeddable":true,"href":"https:\/\/www.acquademia.com\/index.php\/wp-json\/wp\/v2\/comments?post=161"}],"version-history":[{"count":1,"href":"https:\/\/www.acquademia.com\/index.php\/wp-json\/wp\/v2\/pages\/161\/revisions"}],"predecessor-version":[{"id":162,"href":"https:\/\/www.acquademia.com\/index.php\/wp-json\/wp\/v2\/pages\/161\/revisions\/162"}],"wp:attachment":[{"href":"https:\/\/www.acquademia.com\/index.php\/wp-json\/wp\/v2\/media?parent=161"}],"curies":[{"name":"wp","href":"https:\/\/api.w.org\/{rel}","templated":true}]}}