{"id":158,"date":"2024-05-21T11:09:54","date_gmt":"2024-05-21T11:09:54","guid":{"rendered":"https:\/\/acquademia.com\/?page_id=158"},"modified":"2024-05-21T11:09:54","modified_gmt":"2024-05-21T11:09:54","slug":"informativa-per-i-destinatari-dei-messaggi-di-posta-elettronica","status":"publish","type":"page","link":"https:\/\/www.acquademia.com\/index.php\/informativa-per-i-destinatari-dei-messaggi-di-posta-elettronica\/","title":{"rendered":"Informativa per i destinatari dei messaggi di posta elettronica"},"content":{"rendered":"\n<p>Il contenuto delle e-mail \u00e8 da ritenersi confidenziale. Pertanto, le informazioni in esse o negli eventuali allegati contenute sono riservate esclusivamente ai destinatari. Persone o soggetti diversi dai destinatari stessi, anche ai sensi dell\u2019art. 616 c.p., non sono autorizzate a leggere, copiare, modificare, diffondere il messaggio a terzi. Chi ricevesse una nostra comunicazione per errore non la utilizzi e non la porti a conoscenza di nessuno, ma la elimini dalla sua casella e avvisi il mittente. L&#8217;autenticit\u00e0 del mittente ed i contenuti non sono garantiti, fatta eccezione per i documenti firmati digitalmente.<\/p>\n\n\n\n<p>Inoltre, ai sensi dell&#8217;art. 13 GDPR 679\/16, informiamo che i nostri archivi comprendono indirizzi di posta elettronica relativi a persone fisiche, aziende, enti con i quali sono intercorse precedenti comunicazioni a mezzo posta elettronica, o con altri mezzi di comunicazione, o che hanno spontaneamente fornito il loro indirizzo di posta elettronica in occasione di contatti diretti. Tali indirizzi sono da noi utilizzati nel rispetto della volont\u00e0 e disponibilit\u00e0 degli interessati a ricevere comunicazioni via posta elettronica dalla nostra societ\u00e0. Informiamo inoltre che tutte le caselle di posta del dominio &#8220;piscina.acquademia@gmail.com&#8221; sono caselle aziendali e, in quanto tali, vengono utilizzate per comunicazioni in ambito lavorativo. Pertanto, per esigenze connesse con l&#8217;attivit\u00e0 operativa, qualsiasi messaggio, sia in uscita che in entrata, potrebbe essere letto da soggetti diversi dal mittente e\/o dal destinatario.<\/p>\n\n\n\n<p>Nel caso in cui gli interessati desiderassero che il loro indirizzo di posta elettronica venisse rimosso dal nostro archivio, ovvero per l&#8217;esercizio dei diritti di cui agli artt. 15 \u2013 diritto di accesso, 16 \u2013 diritto di rettifica, 17 \u2013 diritto alla cancellazione, 18 \u2013 diritto alla limitazione del trattamento, 20 \u2013 diritto alla portabilit\u00e0, 21 \u2013 diritto di opposizione, 22 \u2013 diritto di opposizione al processo decisionale automatizzato del GDPR 679\/16, possono scrivere al Titolare del trattamento identificato nel legale rappresentante pro tempore della societ\u00e0 Acquademia A.S.D. con sede in Via Lancia 103\/A &#8211; 10141 Torino.<\/p>\n","protected":false},"excerpt":{"rendered":"<p>Il contenuto delle e-mail \u00e8 da ritenersi confidenziale. Pertanto, le informazioni in esse o negli eventuali allegati contenute sono riservate esclusivamente ai destinatari. Persone o soggetti diversi dai destinatari stessi, anche ai sensi dell\u2019art. 616 c.p., non sono autorizzate a leggere, copiare, modificare, diffondere il messaggio a terzi. Chi ricevesse una nostra comunicazione per errore &hellip; <\/p>\n<p class=\"link-more\"><a href=\"https:\/\/www.acquademia.com\/index.php\/informativa-per-i-destinatari-dei-messaggi-di-posta-elettronica\/\" class=\"more-link\">Leggi tutto<span class=\"screen-reader-text\"> &#8220;Informativa per i destinatari dei messaggi di posta elettronica&#8221;<\/span><\/a><\/p>\n","protected":false},"author":1,"featured_media":0,"parent":0,"menu_order":0,"comment_status":"closed","ping_status":"closed","template":"","meta":{"ngg_post_thumbnail":0,"footnotes":""},"class_list":["post-158","page","type-page","status-publish","hentry"],"_links":{"self":[{"href":"https:\/\/www.acquademia.com\/index.php\/wp-json\/wp\/v2\/pages\/158","targetHints":{"allow":["GET"]}}],"collection":[{"href":"https:\/\/www.acquademia.com\/index.php\/wp-json\/wp\/v2\/pages"}],"about":[{"href":"https:\/\/www.acquademia.com\/index.php\/wp-json\/wp\/v2\/types\/page"}],"author":[{"embeddable":true,"href":"https:\/\/www.acquademia.com\/index.php\/wp-json\/wp\/v2\/users\/1"}],"replies":[{"embeddable":true,"href":"https:\/\/www.acquademia.com\/index.php\/wp-json\/wp\/v2\/comments?post=158"}],"version-history":[{"count":1,"href":"https:\/\/www.acquademia.com\/index.php\/wp-json\/wp\/v2\/pages\/158\/revisions"}],"predecessor-version":[{"id":159,"href":"https:\/\/www.acquademia.com\/index.php\/wp-json\/wp\/v2\/pages\/158\/revisions\/159"}],"wp:attachment":[{"href":"https:\/\/www.acquademia.com\/index.php\/wp-json\/wp\/v2\/media?parent=158"}],"curies":[{"name":"wp","href":"https:\/\/api.w.org\/{rel}","templated":true}]}}